{"id":112,"date":"2020-01-02T18:02:00","date_gmt":"2020-01-02T18:02:00","guid":{"rendered":"https:\/\/acominho.pt\/wp1\/?page_id=112"},"modified":"2020-01-02T18:07:15","modified_gmt":"2020-01-02T18:07:15","slug":"braga-car-show-inverno-12-jan-2020","status":"publish","type":"page","link":"https:\/\/acominho.pt\/wp1\/braga-car-show-inverno-12-jan-2020\/","title":{"rendered":"BRAGA CAR SHOW INVERNO | 12 JAN 2020"},"content":{"rendered":"\n<blockquote class=\"wp-block-quote\"><p><strong>&#8221; De forma excepcional e aplic\u00e1vel unicamente \u00e0 prova a realizar no pr\u00f3ximo dia 12 de Janeiro de 2020, a FPAK entendeu considerar v\u00e1lidas as licen\u00e7as de 2019.<br>Assim os titulares de licen\u00e7as de 2019 que pretendem integrar os inscritos no Braga Car Show Inverno 2019 Drag Racing a realizar no pr\u00f3ximo dia 12.01.2020 poder\u00e3o faz\u00ea-lo com as licen\u00e7as que j\u00e1 detenham, ainda que sejam licen\u00e7as do ano anterior.&#8221;<\/strong><\/p><\/blockquote>\n\n\n\n<div class=\"wp-block-file\"><a href=\"https:\/\/acominho.pt\/wp1\/wp-content\/uploads\/2020\/01\/Regulamento-Aprovado_2019-12-23T15h10m38.pdf\">Regulamento-Aprovado_2019-12-23T15h10m38<\/a><a href=\"https:\/\/acominho.pt\/wp1\/wp-content\/uploads\/2020\/01\/Regulamento-Aprovado_2019-12-23T15h10m38.pdf\" class=\"wp-block-file__button\" download>Descarregar<\/a><\/div>\n\n\n\n<div class=\"wp-block-file\"><a href=\"https:\/\/acominho.pt\/wp1\/wp-content\/uploads\/2020\/01\/Hor\u00e1rio_2019-12-23T15h10m37.pdf\">Hor\u00e1rio_2019-12-23T15h10m37<\/a><a href=\"https:\/\/acominho.pt\/wp1\/wp-content\/uploads\/2020\/01\/Hor\u00e1rio_2019-12-23T15h10m37.pdf\" class=\"wp-block-file__button\" download>Descarregar<\/a><\/div>\n\n\n\n<div class=\"wp-block-file\"><a href=\"https:\/\/acominho.pt\/wp1\/wp-content\/uploads\/2020\/01\/Ficha-de-inscri\u00e7\u00e3o-Open-racing-inverno_2019-12-16T22h06m21_2019-12-23T15h10m37.pdf\">Ficha-de-inscri\u00e7\u00e3o-Open-racing-inverno_2019-12-16T22h06m21_2019-12-23T15h10m37<\/a><a href=\"https:\/\/acominho.pt\/wp1\/wp-content\/uploads\/2020\/01\/Ficha-de-inscri\u00e7\u00e3o-Open-racing-inverno_2019-12-16T22h06m21_2019-12-23T15h10m37.pdf\" class=\"wp-block-file__button\" download>Descarregar<\/a><\/div>\n\n\n\n<p><\/p>\n","protected":false},"excerpt":{"rendered":"<p>&#8221; De forma excepcional e aplic\u00e1vel unicamente \u00e0 prova a realizar no pr\u00f3ximo dia 12 de Janeiro de 2020, a FPAK entendeu considerar v\u00e1lidas as licen\u00e7as de 2019.Assim os titulares de licen\u00e7as de 2019 que pretendem integrar os inscritos no Braga Car Show Inverno 2019 Drag Racing a realizar no pr\u00f3ximo dia 12.01.2020 poder\u00e3o faz\u00ea-lo &hellip;<\/p>\n<p class=\"read-more\"> <a class=\"\" href=\"https:\/\/acominho.pt\/wp1\/braga-car-show-inverno-12-jan-2020\/\"> <span class=\"screen-reader-text\">BRAGA CAR SHOW INVERNO | 12 JAN 2020<\/span> Read More &raquo;<\/a><\/p>\n","protected":false},"author":1,"featured_media":0,"parent":0,"menu_order":0,"comment_status":"closed","ping_status":"closed","template":"","meta":[],"_links":{"self":[{"href":"https:\/\/acominho.pt\/wp1\/wp-json\/wp\/v2\/pages\/112"}],"collection":[{"href":"https:\/\/acominho.pt\/wp1\/wp-json\/wp\/v2\/pages"}],"about":[{"href":"https:\/\/acominho.pt\/wp1\/wp-json\/wp\/v2\/types\/page"}],"author":[{"embeddable":true,"href":"https:\/\/acominho.pt\/wp1\/wp-json\/wp\/v2\/users\/1"}],"replies":[{"embeddable":true,"href":"https:\/\/acominho.pt\/wp1\/wp-json\/wp\/v2\/comments?post=112"}],"version-history":[{"count":0,"href":"https:\/\/acominho.pt\/wp1\/wp-json\/wp\/v2\/pages\/112\/revisions"}],"wp:attachment":[{"href":"https:\/\/acominho.pt\/wp1\/wp-json\/wp\/v2\/media?parent=112"}],"curies":[{"name":"wp","href":"https:\/\/api.w.org\/{rel}","templated":true}]}}