{"id":203,"date":"2020-02-06T14:48:14","date_gmt":"2020-02-06T14:48:14","guid":{"rendered":"https:\/\/acominho.pt\/wp1\/?page_id=203"},"modified":"2021-01-21T18:11:44","modified_gmt":"2021-01-21T18:11:44","slug":"203-2","status":"publish","type":"page","link":"https:\/\/acominho.pt\/wp1\/","title":{"rendered":"home"},"content":{"rendered":"\n<h2 class=\"has-text-align-center has-text-color has-background\" style=\"background-color:#f4914a;color:#686b6d\"><strong>ASSOCIA\u00c7\u00c3O DE COMISS\u00c1RIOS DO MINHO<\/strong><\/h2>\n\n\n\n<div class=\"wp-block-cover has-background-dim-70 has-cyan-bluish-gray-background-color has-background-dim\" style=\"background-image:url(https:\/\/acominho.pt\/wp1\/wp-content\/uploads\/2020\/09\/IMG_20200914_221921.jpg);min-height:1170px\"><div class=\"wp-block-cover__inner-container\">\n<p class=\"has-text-align-center has-black-color has-text-color has-large-font-size\"><strong>JUNTA-TE \u00c0 ACOMINHO E VEM SENTIR DE PERTO AS EMO\u00c7\u00d5ES DO DESPORTO MOTORIZADO<\/strong><\/p>\n\n\n\n<figure class=\"wp-block-gallery aligncenter columns-3 is-cropped\"><ul class=\"blocks-gallery-grid\"><li class=\"blocks-gallery-item\"><figure><img loading=\"lazy\" width=\"1024\" height=\"673\" src=\"https:\/\/acominho.pt\/wp1\/wp-content\/uploads\/2021\/01\/1611246896568-1024x673.jpg\" alt=\"\" data-id=\"288\" data-full-url=\"https:\/\/acominho.pt\/wp1\/wp-content\/uploads\/2021\/01\/1611246896568.jpg\" data-link=\"https:\/\/acominho.pt\/wp1\/1611246896568\/\" class=\"wp-image-288\" srcset=\"https:\/\/acominho.pt\/wp1\/wp-content\/uploads\/2021\/01\/1611246896568-1024x673.jpg 1024w, https:\/\/acominho.pt\/wp1\/wp-content\/uploads\/2021\/01\/1611246896568-300x197.jpg 300w, https:\/\/acominho.pt\/wp1\/wp-content\/uploads\/2021\/01\/1611246896568-768x505.jpg 768w, https:\/\/acominho.pt\/wp1\/wp-content\/uploads\/2021\/01\/1611246896568.jpg 1080w\" sizes=\"(max-width: 1024px) 100vw, 1024px\" \/><\/figure><\/li><li class=\"blocks-gallery-item\"><figure><img loading=\"lazy\" width=\"1024\" height=\"768\" src=\"https:\/\/acominho.pt\/wp1\/wp-content\/uploads\/2020\/09\/IMG_20200912_102308-1024x768.jpg\" alt=\"\" data-id=\"222\" data-full-url=\"https:\/\/acominho.pt\/wp1\/wp-content\/uploads\/2020\/09\/IMG_20200912_102308-scaled.jpg\" data-link=\"https:\/\/acominho.pt\/wp1\/img_20200912_102308\/\" class=\"wp-image-222\" srcset=\"https:\/\/acominho.pt\/wp1\/wp-content\/uploads\/2020\/09\/IMG_20200912_102308-1024x768.jpg 1024w, https:\/\/acominho.pt\/wp1\/wp-content\/uploads\/2020\/09\/IMG_20200912_102308-300x225.jpg 300w, https:\/\/acominho.pt\/wp1\/wp-content\/uploads\/2020\/09\/IMG_20200912_102308-768x576.jpg 768w, https:\/\/acominho.pt\/wp1\/wp-content\/uploads\/2020\/09\/IMG_20200912_102308-1536x1152.jpg 1536w, https:\/\/acominho.pt\/wp1\/wp-content\/uploads\/2020\/09\/IMG_20200912_102308-2048x1536.jpg 2048w\" sizes=\"(max-width: 1024px) 100vw, 1024px\" \/><\/figure><\/li><li class=\"blocks-gallery-item\"><figure><img loading=\"lazy\" width=\"1024\" height=\"651\" src=\"https:\/\/acominho.pt\/wp1\/wp-content\/uploads\/2019\/12\/60604699_672944489824464_5117845560618909696_o-1-1024x651.jpg\" alt=\"\" data-id=\"56\" data-full-url=\"https:\/\/acominho.pt\/wp1\/wp-content\/uploads\/2019\/12\/60604699_672944489824464_5117845560618909696_o-1.jpg\" data-link=\"https:\/\/acominho.pt\/wp1\/galeria-2019\/60604699_672944489824464_5117845560618909696_o-1\/\" class=\"wp-image-56\" srcset=\"https:\/\/acominho.pt\/wp1\/wp-content\/uploads\/2019\/12\/60604699_672944489824464_5117845560618909696_o-1-1024x651.jpg 1024w, https:\/\/acominho.pt\/wp1\/wp-content\/uploads\/2019\/12\/60604699_672944489824464_5117845560618909696_o-1-300x191.jpg 300w, https:\/\/acominho.pt\/wp1\/wp-content\/uploads\/2019\/12\/60604699_672944489824464_5117845560618909696_o-1-768x488.jpg 768w, https:\/\/acominho.pt\/wp1\/wp-content\/uploads\/2019\/12\/60604699_672944489824464_5117845560618909696_o-1.jpg 1133w\" sizes=\"(max-width: 1024px) 100vw, 1024px\" \/><\/figure><\/li><\/ul><\/figure>\n\n\n\n<div class=\"wp-block-buttons aligncenter\">\n<div class=\"wp-block-button is-style-fill\"><a class=\"wp-block-button__link has-luminous-vivid-orange-background-color has-background\" href=\"https:\/\/acominho.pt\/wp1\/contacto\/\" style=\"border-radius:50px\">TORNA-TE S\u00d3CIO<\/a><\/div>\n<\/div>\n\n\n\n<figure class=\"wp-block-gallery columns-4 is-cropped\"><ul class=\"blocks-gallery-grid\"><li class=\"blocks-gallery-item\"><figure><img loading=\"lazy\" width=\"960\" height=\"540\" src=\"https:\/\/acominho.pt\/wp1\/wp-content\/uploads\/2019\/12\/66255814_704620516656861_3916116477157048320_n.jpg\" alt=\"\" data-id=\"65\" data-full-url=\"https:\/\/acominho.pt\/wp1\/wp-content\/uploads\/2019\/12\/66255814_704620516656861_3916116477157048320_n.jpg\" data-link=\"https:\/\/acominho.pt\/wp1\/galeria-2019\/66255814_704620516656861_3916116477157048320_n\/\" class=\"wp-image-65\" srcset=\"https:\/\/acominho.pt\/wp1\/wp-content\/uploads\/2019\/12\/66255814_704620516656861_3916116477157048320_n.jpg 960w, https:\/\/acominho.pt\/wp1\/wp-content\/uploads\/2019\/12\/66255814_704620516656861_3916116477157048320_n-300x169.jpg 300w, https:\/\/acominho.pt\/wp1\/wp-content\/uploads\/2019\/12\/66255814_704620516656861_3916116477157048320_n-768x432.jpg 768w\" sizes=\"(max-width: 960px) 100vw, 960px\" \/><\/figure><\/li><li class=\"blocks-gallery-item\"><figure><img loading=\"lazy\" width=\"960\" height=\"720\" src=\"https:\/\/acominho.pt\/wp1\/wp-content\/uploads\/2019\/12\/66044260_705401619912084_6616114824172535808_n.jpg\" alt=\"\" data-id=\"64\" data-full-url=\"https:\/\/acominho.pt\/wp1\/wp-content\/uploads\/2019\/12\/66044260_705401619912084_6616114824172535808_n.jpg\" data-link=\"https:\/\/acominho.pt\/wp1\/galeria-2019\/66044260_705401619912084_6616114824172535808_n\/\" class=\"wp-image-64\" srcset=\"https:\/\/acominho.pt\/wp1\/wp-content\/uploads\/2019\/12\/66044260_705401619912084_6616114824172535808_n.jpg 960w, https:\/\/acominho.pt\/wp1\/wp-content\/uploads\/2019\/12\/66044260_705401619912084_6616114824172535808_n-300x225.jpg 300w, https:\/\/acominho.pt\/wp1\/wp-content\/uploads\/2019\/12\/66044260_705401619912084_6616114824172535808_n-768x576.jpg 768w\" sizes=\"(max-width: 960px) 100vw, 960px\" \/><\/figure><\/li><li class=\"blocks-gallery-item\"><figure><img loading=\"lazy\" width=\"768\" height=\"1024\" src=\"https:\/\/acominho.pt\/wp1\/wp-content\/uploads\/2020\/09\/IMG-20200830-WA0009-768x1024.jpg\" alt=\"\" data-id=\"232\" data-full-url=\"https:\/\/acominho.pt\/wp1\/wp-content\/uploads\/2020\/09\/IMG-20200830-WA0009.jpg\" data-link=\"https:\/\/acominho.pt\/wp1\/img-20200830-wa0009\/\" class=\"wp-image-232\" srcset=\"https:\/\/acominho.pt\/wp1\/wp-content\/uploads\/2020\/09\/IMG-20200830-WA0009-768x1024.jpg 768w, https:\/\/acominho.pt\/wp1\/wp-content\/uploads\/2020\/09\/IMG-20200830-WA0009-225x300.jpg 225w, https:\/\/acominho.pt\/wp1\/wp-content\/uploads\/2020\/09\/IMG-20200830-WA0009-1152x1536.jpg 1152w, https:\/\/acominho.pt\/wp1\/wp-content\/uploads\/2020\/09\/IMG-20200830-WA0009.jpg 1439w\" sizes=\"(max-width: 768px) 100vw, 768px\" \/><\/figure><\/li><li class=\"blocks-gallery-item\"><figure><img loading=\"lazy\" width=\"1024\" height=\"514\" src=\"https:\/\/acominho.pt\/wp1\/wp-content\/uploads\/2020\/09\/IMG-20200901-WA0010-1024x514.jpg\" alt=\"\" data-id=\"236\" data-full-url=\"https:\/\/acominho.pt\/wp1\/wp-content\/uploads\/2020\/09\/IMG-20200901-WA0010.jpg\" data-link=\"https:\/\/acominho.pt\/wp1\/img-20200901-wa0010\/\" class=\"wp-image-236\" srcset=\"https:\/\/acominho.pt\/wp1\/wp-content\/uploads\/2020\/09\/IMG-20200901-WA0010-1024x514.jpg 1024w, https:\/\/acominho.pt\/wp1\/wp-content\/uploads\/2020\/09\/IMG-20200901-WA0010-300x151.jpg 300w, https:\/\/acominho.pt\/wp1\/wp-content\/uploads\/2020\/09\/IMG-20200901-WA0010-768x385.jpg 768w, https:\/\/acominho.pt\/wp1\/wp-content\/uploads\/2020\/09\/IMG-20200901-WA0010.jpg 1080w\" sizes=\"(max-width: 1024px) 100vw, 1024px\" \/><\/figure><\/li><\/ul><\/figure>\n\n\n\n<div style=\"height:60px\" aria-hidden=\"true\" class=\"wp-block-spacer\"><\/div>\n<\/div><\/div>\n\n\n\n<p><\/p>\n","protected":false},"excerpt":{"rendered":"<p>ASSOCIA\u00c7\u00c3O DE COMISS\u00c1RIOS DO MINHO<\/p>\n","protected":false},"author":1,"featured_media":0,"parent":0,"menu_order":0,"comment_status":"closed","ping_status":"closed","template":"","meta":[],"_links":{"self":[{"href":"https:\/\/acominho.pt\/wp1\/wp-json\/wp\/v2\/pages\/203"}],"collection":[{"href":"https:\/\/acominho.pt\/wp1\/wp-json\/wp\/v2\/pages"}],"about":[{"href":"https:\/\/acominho.pt\/wp1\/wp-json\/wp\/v2\/types\/page"}],"author":[{"embeddable":true,"href":"https:\/\/acominho.pt\/wp1\/wp-json\/wp\/v2\/users\/1"}],"replies":[{"embeddable":true,"href":"https:\/\/acominho.pt\/wp1\/wp-json\/wp\/v2\/comments?post=203"}],"version-history":[{"count":0,"href":"https:\/\/acominho.pt\/wp1\/wp-json\/wp\/v2\/pages\/203\/revisions"}],"wp:attachment":[{"href":"https:\/\/acominho.pt\/wp1\/wp-json\/wp\/v2\/media?parent=203"}],"curies":[{"name":"wp","href":"https:\/\/api.w.org\/{rel}","templated":true}]}}