{"id":42,"date":"2019-12-03T16:27:34","date_gmt":"2019-12-03T16:27:34","guid":{"rendered":"https:\/\/acominho.pt\/wp1\/?page_id=42"},"modified":"2021-01-21T17:03:51","modified_gmt":"2021-01-21T17:03:51","slug":"quem-somos","status":"publish","type":"page","link":"https:\/\/acominho.pt\/wp1\/quem-somos\/","title":{"rendered":"Quem Somos"},"content":{"rendered":"\n<h2 class=\"has-text-align-center\">Quem Somos<\/h2>\n\n\n\n<p class=\"has-very-dark-gray-color has-text-color\">Fundada em abril de 2019, por\nnove fundadores que decidiram juntar a sua experi\u00eancia e reunir esfor\u00e7os para\nmudar o panorama do desporto motorizado em Portugal, a ACOMINHO, Associa\u00e7\u00e3o de\nComiss\u00e1rios do Minho, pretende preencher um vazio existente na organiza\u00e7\u00e3o de\neventos desportivos, a presen\u00e7a de oficiais de prova.<\/p>\n\n\n\n<p class=\"has-very-dark-gray-color has-text-color\">A ACOMINHO, possui uma rede alargada de comiss\u00e1rios que colaboram em eventos desportivos \u00e0 longos anos, com experi\u00eancia em provas de automobilismo e motociclismo.<\/p>\n\n\n\n<p class=\"has-very-dark-gray-color has-text-color\">A ACOMINHO est\u00e1 apta a\ncolaborar em provas de velocidade em circuito, ralis, karting, rampas, podendo\nassegurar a gest\u00e3o da pista, dos parques e do <em>leading<\/em> e <em>safety car<\/em>.<\/p>\n\n\n\n<p class=\"has-very-dark-gray-color has-text-color\">Atualmente, a ACOMINHO possui\nmeios humanos, capazes de assegurar a realiza\u00e7\u00e3o de qualquer evento realizado\nem pista, garantindo a seguran\u00e7a desportiva durante a realiza\u00e7\u00e3o do evento.<\/p>\n\n\n\n<figure class=\"wp-block-gallery columns-2 is-cropped\"><ul class=\"blocks-gallery-grid\"><li class=\"blocks-gallery-item\"><figure><img loading=\"lazy\" width=\"1024\" height=\"768\" src=\"https:\/\/acominho.pt\/wp1\/wp-content\/uploads\/2019\/12\/IMG-20190412-WA0004-1024x768.jpg\" alt=\"\" data-id=\"44\" data-full-url=\"https:\/\/acominho.pt\/wp1\/wp-content\/uploads\/2019\/12\/IMG-20190412-WA0004.jpg\" data-link=\"https:\/\/acominho.pt\/wp1\/?attachment_id=44\" class=\"wp-image-44\" srcset=\"https:\/\/acominho.pt\/wp1\/wp-content\/uploads\/2019\/12\/IMG-20190412-WA0004-1024x768.jpg 1024w, https:\/\/acominho.pt\/wp1\/wp-content\/uploads\/2019\/12\/IMG-20190412-WA0004-300x225.jpg 300w, https:\/\/acominho.pt\/wp1\/wp-content\/uploads\/2019\/12\/IMG-20190412-WA0004-768x576.jpg 768w, https:\/\/acominho.pt\/wp1\/wp-content\/uploads\/2019\/12\/IMG-20190412-WA0004-1536x1152.jpg 1536w, https:\/\/acominho.pt\/wp1\/wp-content\/uploads\/2019\/12\/IMG-20190412-WA0004-1200x900.jpg 1200w, https:\/\/acominho.pt\/wp1\/wp-content\/uploads\/2019\/12\/IMG-20190412-WA0004.jpg 1600w\" sizes=\"(max-width: 1024px) 100vw, 1024px\" \/><\/figure><\/li><li class=\"blocks-gallery-item\"><figure><img loading=\"lazy\" width=\"1024\" height=\"651\" src=\"https:\/\/acominho.pt\/wp1\/wp-content\/uploads\/2019\/12\/60604699_672944489824464_5117845560618909696_o-1024x651.jpg\" alt=\"\" data-id=\"43\" data-full-url=\"https:\/\/acominho.pt\/wp1\/wp-content\/uploads\/2019\/12\/60604699_672944489824464_5117845560618909696_o.jpg\" data-link=\"https:\/\/acominho.pt\/wp1\/?attachment_id=43\" class=\"wp-image-43\" srcset=\"https:\/\/acominho.pt\/wp1\/wp-content\/uploads\/2019\/12\/60604699_672944489824464_5117845560618909696_o-1024x651.jpg 1024w, https:\/\/acominho.pt\/wp1\/wp-content\/uploads\/2019\/12\/60604699_672944489824464_5117845560618909696_o-300x191.jpg 300w, https:\/\/acominho.pt\/wp1\/wp-content\/uploads\/2019\/12\/60604699_672944489824464_5117845560618909696_o-768x488.jpg 768w, https:\/\/acominho.pt\/wp1\/wp-content\/uploads\/2019\/12\/60604699_672944489824464_5117845560618909696_o.jpg 1133w\" sizes=\"(max-width: 1024px) 100vw, 1024px\" \/><\/figure><\/li><\/ul><\/figure>\n","protected":false},"excerpt":{"rendered":"<p>Quem Somos Fundada em abril de 2019, por nove fundadores que decidiram juntar a sua experi\u00eancia e reunir esfor\u00e7os para mudar o panorama do desporto motorizado em Portugal, a ACOMINHO, Associa\u00e7\u00e3o de Comiss\u00e1rios do Minho, pretende preencher um vazio existente na organiza\u00e7\u00e3o de eventos desportivos, a presen\u00e7a de oficiais de prova. A ACOMINHO, possui uma &hellip;<\/p>\n<p class=\"read-more\"> <a class=\"\" href=\"https:\/\/acominho.pt\/wp1\/quem-somos\/\"> <span class=\"screen-reader-text\">Quem Somos<\/span> Read More &raquo;<\/a><\/p>\n","protected":false},"author":1,"featured_media":0,"parent":0,"menu_order":0,"comment_status":"closed","ping_status":"closed","template":"","meta":[],"_links":{"self":[{"href":"https:\/\/acominho.pt\/wp1\/wp-json\/wp\/v2\/pages\/42"}],"collection":[{"href":"https:\/\/acominho.pt\/wp1\/wp-json\/wp\/v2\/pages"}],"about":[{"href":"https:\/\/acominho.pt\/wp1\/wp-json\/wp\/v2\/types\/page"}],"author":[{"embeddable":true,"href":"https:\/\/acominho.pt\/wp1\/wp-json\/wp\/v2\/users\/1"}],"replies":[{"embeddable":true,"href":"https:\/\/acominho.pt\/wp1\/wp-json\/wp\/v2\/comments?post=42"}],"version-history":[{"count":0,"href":"https:\/\/acominho.pt\/wp1\/wp-json\/wp\/v2\/pages\/42\/revisions"}],"wp:attachment":[{"href":"https:\/\/acominho.pt\/wp1\/wp-json\/wp\/v2\/media?parent=42"}],"curies":[{"name":"wp","href":"https:\/\/api.w.org\/{rel}","templated":true}]}}